
{"id":8,"date":"2014-12-13T13:55:01","date_gmt":"2014-12-13T11:55:01","guid":{"rendered":"https:\/\/www.tela-immobilien.de\/?page_id=8"},"modified":"2025-12-18T18:37:08","modified_gmt":"2025-12-18T16:37:08","slug":"profil","status":"publish","type":"page","link":"https:\/\/www.tela-immobilien.de\/en\/profil","title":{"rendered":"Profile"},"content":{"rendered":"<div id=\"fws_69f8c3d06ce02\"  data-midnight=\"dark\"  data-bg-mobile-hidden=\"\" class=\"wpb_row vc_row-fluid vc_row top-level standard_section\"  style=\"padding-top: 0px; padding-bottom: 0px; \"><div class=\"row-bg-wrap\"><div class=\"inner-wrap\"><div class=\"row-bg\"  style=\"\"><\/div><\/div><div class=\"row-bg-overlay\" ><\/div><\/div><div class=\"col span_12 dark left\">\n\t<div  class=\"vc_col-sm-12 wpb_column column_container vc_column_container col no-extra-padding\"  data-t-w-inherits=\"default\" data-border-radius=\"none\" data-shadow=\"none\" data-border-animation=\"\" data-border-animation-delay=\"\" data-border-width=\"none\" data-border-style=\"solid\" data-border-color=\"\" data-bg-cover=\"\" data-padding-pos=\"all\" data-has-bg-color=\"false\" data-bg-color=\"\" data-bg-opacity=\"1\" data-hover-bg=\"\" data-hover-bg-opacity=\"1\" data-animation=\"\" data-delay=\"0\"><div class=\"column-bg-overlay\"><\/div>\n\t\t<div class=\"vc_column-inner\">\n\t\t\t<div class=\"wpb_wrapper\">\n\t\t\t\t<div data-midnight=\"nectar-slider\" class=\"parallax_slider_outer\" style=\"min-height: 250px; \"><div  data-transition=\"slide\" data-overall_style=\"classic\" data-flexible-height=\"true\" data-animate-in-effect=\"none\" data-fullscreen=\"true\" data-button-sizing=\"regular\" data-button-styling=\"btn_with_count\" data-autorotate=\"\" data-parallax=\"true\" data-parallax-disable-mobile=\"\" data-caption-trans=\"fade_in_from_bottom\" data-parallax-style=\"bg_only\" data-bg-animation=\"none\" data-full-width=\"true\" class=\"nectar-slider-wrap\" id=\"ns-id-69f8c3d06d1cc\" style=\"min-height: 250px; \"><div class=\"swiper-container\" style=\"min-height: 250px; \"  data-tho=\"auto\" data-tco=\"auto\" data-pho=\"auto\" data-pco=\"auto\" data-loop=\"false\" data-height=\"650\" data-min-height=\"250\" data-arrows=\"false\" data-bullets=\"false\" data-bullet_style=\"see_through\" data-bullet_position=\"bottom\" data-desktop-swipe=\"false\" data-settings=\"\"> <div class=\"swiper-wrapper\"><div class=\"swiper-slide\" data-desktop-content-width=\"auto\" data-tablet-content-width=\"auto\" data-bg-alignment=\"top\" data-color-scheme=\"light\" data-x-pos=\"left\" data-y-pos=\"middle\" style=\"min-height: 250px; \"> \r\n\t\t\t\t\t\t\t\t<div class=\"slide-bg-wrap\"><div class=\"image-bg\" style=\"background-image: url(https:\/\/www.tela-immobilien.de\/wp-content\/uploads\/2014\/12\/berlin_panorama_1600_700.jpg);\"> &nbsp; <\/div><\/div><div class=\"container\">\r\n\t\t\t\t\t\t\t\t\t<div class=\"content\"><h2>Profile<\/h2><p class=\"transparent-bg\" ><span>Customer satisfaction is an essential part of their business philosophy<\/span><\/p><\/div>\r\n\t\t\t\t\t\t\t\t<\/div><!--\/container--><div class=\"video-texture\"> <span class=\"ie-fix\"><\/span> <\/div><\/div> <!--\/swiper-slide--><\/div><div class=\"nectar-slider-loading\"> <span class=\"loading-icon none\">   <\/span> <\/div> <\/div> \r\n\t\t\t\t\r\n\t\t\t<\/div><\/div>\n\t\t\t<\/div> \n\t\t<\/div>\n\t<\/div> \n<\/div><\/div>\n\t\t<div id=\"fws_69f8c3d06e057\"  data-midnight=\"dark\"  data-bg-mobile-hidden=\"\" class=\"wpb_row vc_row-fluid vc_row standard_section\"  style=\"padding-top: 0px; padding-bottom: 0px; \"><div class=\"row-bg-wrap\"><div class=\"inner-wrap\"><div class=\"row-bg\"  style=\"\"><\/div><\/div><div class=\"row-bg-overlay\" ><\/div><\/div><div class=\"col span_12 dark left\">\n\t<div  class=\"vc_col-sm-12 wpb_column column_container vc_column_container col no-extra-padding\"  data-t-w-inherits=\"default\" data-border-radius=\"none\" data-shadow=\"none\" data-border-animation=\"\" data-border-animation-delay=\"\" data-border-width=\"none\" data-border-style=\"solid\" data-border-color=\"\" data-bg-cover=\"\" data-padding-pos=\"all\" data-has-bg-color=\"false\" data-bg-color=\"\" data-bg-opacity=\"1\" data-hover-bg=\"\" data-hover-bg-opacity=\"1\" data-animation=\"\" data-delay=\"0\"><div class=\"column-bg-overlay\"><\/div>\n\t\t<div class=\"vc_column-inner\">\n\t\t\t<div class=\"wpb_wrapper\">\n\t\t\t\t<div class=\"divider-wrap\" data-alignment=\"default\"><div style=\"height: 25px;\" class=\"divider\"><\/div><\/div>\n\t\t\t<\/div> \n\t\t<\/div>\n\t<\/div> \n<\/div><\/div>\n\t\t<div id=\"fws_69f8c3d06e591\"  data-midnight=\"dark\"  data-bg-mobile-hidden=\"\" class=\"wpb_row vc_row-fluid vc_row standard_section\"  style=\"padding-top: 0px; padding-bottom: 0px; \"><div class=\"row-bg-wrap\"><div class=\"inner-wrap\"><div class=\"row-bg\"  style=\"\"><\/div><\/div><div class=\"row-bg-overlay\" ><\/div><\/div><div class=\"col span_12 dark left\">\n\t<div  class=\"vc_col-sm-3 wpb_column column_container vc_column_container col no-extra-padding\"  data-t-w-inherits=\"default\" data-border-radius=\"none\" data-shadow=\"none\" data-border-animation=\"\" data-border-animation-delay=\"\" data-border-width=\"none\" data-border-style=\"solid\" data-border-color=\"\" data-bg-cover=\"\" data-padding-pos=\"all\" data-has-bg-color=\"false\" data-bg-color=\"\" data-bg-opacity=\"1\" data-hover-bg=\"\" data-hover-bg-opacity=\"1\" data-animation=\"\" data-delay=\"0\"><div class=\"column-bg-overlay\"><\/div>\n\t\t<div class=\"vc_column-inner\">\n\t\t\t<div class=\"wpb_wrapper\">\n\t\t\t\t<div class=\"img-with-aniamtion-wrap\" data-max-width=\"100%\" data-border-radius=\"none\"><div class=\"inner\"><img loading=\"lazy\" decoding=\"async\" data-shadow=\"none\" data-shadow-direction=\"middle\" class=\"img-with-animation skip-lazy\" data-delay=\"0\" height=\"290\" width=\"400\"  data-animation=\"fade-in\" src=\"https:\/\/www.tela-immobilien.de\/wp-content\/uploads\/tela-immobilienservice-immobilienmakler-monika-scherbel-gruenderin-geschaeftsfuehrerin.webp\" srcset=\"https:\/\/www.tela-immobilien.de\/wp-content\/uploads\/tela-immobilienservice-immobilienmakler-monika-scherbel-gruenderin-geschaeftsfuehrerin.webp 400w, https:\/\/www.tela-immobilien.de\/wp-content\/uploads\/tela-immobilienservice-immobilienmakler-monika-scherbel-gruenderin-geschaeftsfuehrerin-300x218.webp 300w, https:\/\/www.tela-immobilien.de\/wp-content\/uploads\/tela-immobilienservice-immobilienmakler-monika-scherbel-gruenderin-geschaeftsfuehrerin-18x12.webp 18w\" sizes=\"100vw\" alt=\"TELA Immobilienservice Monika Scherbel Gr\u00fcnderin und Gesch\u00e4ftsf\u00fchrerin\" \/><\/div><\/div><div class=\"divider-wrap\" data-alignment=\"default\"><div style=\"height: 25px;\" class=\"divider\"><\/div><\/div>\r\n\t<div class=\"wpb_text_column wpb_content_element\" >\r\n\t\t<div class=\"wpb_wrapper\">\r\n\t\t\t<h2>Monika Scherbel<\/h2>\n<div>Founder &amp; Managing Director of TELA Immobilienservice GmbH<\/div>\n\r\n\t\t<\/div>\r\n\t<\/div>\r\n\n\t\t\t<\/div> \n\t\t<\/div>\n\t<\/div> \n\n\t<div  class=\"vc_col-sm-9 wpb_column column_container vc_column_container col no-extra-padding\"  data-t-w-inherits=\"default\" data-border-radius=\"none\" data-shadow=\"none\" data-border-animation=\"\" data-border-animation-delay=\"\" data-border-width=\"none\" data-border-style=\"solid\" data-border-color=\"\" data-bg-cover=\"\" data-padding-pos=\"all\" data-has-bg-color=\"false\" data-bg-color=\"\" data-bg-opacity=\"1\" data-hover-bg=\"\" data-hover-bg-opacity=\"1\" data-animation=\"\" data-delay=\"0\"><div class=\"column-bg-overlay\"><\/div>\n\t\t<div class=\"vc_column-inner\">\n\t\t\t<div class=\"wpb_wrapper\">\n\t\t\t\t<div class=\"divider-wrap\" data-alignment=\"default\"><div style=\"height: 25px;\" class=\"divider\"><\/div><\/div>\r\n\t<div class=\"wpb_text_column wpb_content_element\" >\r\n\t\t<div class=\"wpb_wrapper\">\r\n\t\t\t<p>Monika Scherbel, real estate specialist (IHK), managing partner of TELA Immobilienservice GmbH since 2000, offers her customers professional all-round service thanks to her many years of experience and comprehensive knowledge of the Berlin real estate market.<\/p>\n<p>The secret of their success is the personal conversation with the buyer or seller, with the tenant or landlord. Only a trusting collaboration leads to optimal results.<img loading=\"lazy\" decoding=\"async\" class=\"details-image alignleft\" title=\"TELA Immobilienservice Immobilienmakler Berlin ivd Immobilien Weiterbildung Fortbildung Zertifikat\" draggable=\"false\" src=\"https:\/\/www.tela-immobilien.de\/wp-content\/uploads\/tela-immobilienservice-immobilienmakler-berlin-ivd-weiterbildung-fortbildung-zertifikat.webp\" alt=\"\" width=\"996\" height=\"293\" \/><\/p>\n<p><img decoding=\"async\" class=\"details-image\" title=\"TELA Immobilienservice Immobilienmakler Berlin Immo Scout24 Premium Partner 2021 Top bewertet\" draggable=\"false\" src=\"https:\/\/www.tela-immobilien.de\/wp-content\/uploads\/tela-immobilienservice-immobilienmakler-berlin-immoscout24-premium-partner-top-bewertet.webp\" alt=\"\" \/><img decoding=\"async\" class=\"details-image\" title=\"TELA Immobilienservice Immobilienmakler Berlin immobilie1 Miteigent\u00fcmer\" draggable=\"false\" src=\"https:\/\/www.tela-immobilien.de\/wp-content\/uploads\/tela-immobilienservice-immobilienmakler-berlin-immobilie1-miteigentuemer.webp\" alt=\"\" \/><\/p>\n\r\n\t\t<\/div>\r\n\t<\/div>\r\n\n\t\t\t<\/div> \n\t\t<\/div>\n\t<\/div> \n<\/div><\/div>","protected":false},"excerpt":{"rendered":"","protected":false},"author":1,"featured_media":0,"parent":0,"menu_order":0,"comment_status":"closed","ping_status":"closed","template":"","meta":{"footnotes":""},"aioseo_notices":[],"_links":{"self":[{"href":"https:\/\/www.tela-immobilien.de\/en\/wp-json\/wp\/v2\/pages\/8"}],"collection":[{"href":"https:\/\/www.tela-immobilien.de\/en\/wp-json\/wp\/v2\/pages"}],"about":[{"href":"https:\/\/www.tela-immobilien.de\/en\/wp-json\/wp\/v2\/types\/page"}],"author":[{"embeddable":true,"href":"https:\/\/www.tela-immobilien.de\/en\/wp-json\/wp\/v2\/users\/1"}],"replies":[{"embeddable":true,"href":"https:\/\/www.tela-immobilien.de\/en\/wp-json\/wp\/v2\/comments?post=8"}],"version-history":[{"count":10,"href":"https:\/\/www.tela-immobilien.de\/en\/wp-json\/wp\/v2\/pages\/8\/revisions"}],"predecessor-version":[{"id":666,"href":"https:\/\/www.tela-immobilien.de\/en\/wp-json\/wp\/v2\/pages\/8\/revisions\/666"}],"wp:attachment":[{"href":"https:\/\/www.tela-immobilien.de\/en\/wp-json\/wp\/v2\/media?parent=8"}],"curies":[{"name":"wp","href":"https:\/\/api.w.org\/{rel}","templated":true}]}}